{"id":548,"date":"2016-12-23T10:31:35","date_gmt":"2016-12-23T09:31:35","guid":{"rendered":"http:\/\/www.lacabanademozoncillo.es\/sp\/?page_id=548"},"modified":"2025-09-29T12:32:04","modified_gmt":"2025-09-29T10:32:04","slug":"turismo-activo-en-el-valle-de-juarros","status":"publish","type":"page","link":"https:\/\/www.lacabanademozoncillo.es\/sp\/turismo-activo-en-el-valle-de-juarros\/","title":{"rendered":"Turismo activo en el Valle de Juarros"},"content":{"rendered":"<p>El Valle de Juarros, muy pr\u00f3ximo a la Sierra de la Demanda, cuenta con una diversidad de fauna, flora, bosques y una amplia variedad de iglesias rom\u00e1nicas y construcciones t\u00edpicas de la arquitectura serrana. Cercano a la ciudad y a los Yacimientos de Atapuerca, es un recorrido de obligada asistencia. Aqu\u00ed se desarrolla el programa Multiaventura que ofrece la Concejal\u00eda de Juventud del Ayuntamiento de Burgos.<\/p>\n<p>Dentro del Valle de Juarros, la actividad se desarrolla entre las poblaciones de San Adri\u00e1n, Brieva y Santa Cruz de Juarros. La mayor\u00eda de las <a href=\"https:\/\/www.yumping.com\/cosas-que-hacer\/burgos\">actividades incluidas en el Programa Multiaventura<\/a> se realizar\u00e1 en un entorno incomparable. En el recorrido no se cruzan carreteras, pero son cercanas en caso de tener que abandonar el recorrido; en los pueblos se dispone de l\u00ednea y cobertura telef\u00f3nica as\u00ed como de bar y servicios p\u00fablicos.<\/p>\n<p>La comida queda programada durante la actividad, la cual se podr\u00e1 realizar al aire libre al lado de una fuente-manantial de Brieva o en las instalaciones que la sociedad Recreativa Cultural de San Adri\u00e1n de Juarros que dispone en el mismo pueblo, cuando las inclemencias metereol\u00f3gicas lo requieran.<\/p>\n<p>Esta actividad municipal pretende mostrar actividades alternativas como el ocio, el deporte, la naturaleza y la formaci\u00f3n de grupos donde se valoren aspectos como el respeto hacia los dem\u00e1s, las conductas positivas hacia la higiene personal dentro del grupo, el trabajo individual o el conocimiento del entorno natural de la zona de Juarros.<\/p>\n<p><strong>Descripci\u00f3n de la actividad<\/strong><\/p>\n<p>En el transcurso de la actividad de aventura, los participantes realizar\u00e1n diversas pruebas en la que combinar\u00e1n: orientaci\u00f3n, escalada, bici de monta\u00f1a, tirolina, y una prueba cultural.<\/p>\n<p><strong>Horario<\/strong><\/p>\n<p>La duraci\u00f3n de la aventura es de todo el d\u00eda, se comienza sobre las nueve de la ma\u00f1ana para acabar sobre las siete de la tarde. En la transici\u00f3n de las pruebas se aprovecha para el descanso y cambio de actividades para evitar el agotamiento, se almuerza en la zona de juego, existen fuentes y lugares habilitados al efecto.<\/p>\n<p><strong>Participantes<\/strong><\/p>\n<p>Se organizar\u00e1n por grupos. En n\u00famero no inferior a 5 personas, dependiendo de las edades, se formaran grupos homog\u00e9neos para igualar los tiempos de realizaci\u00f3n en las actividades. Es necesario que los participantes lleven ropa deportiva y c\u00f3moda para la realizaci\u00f3n de la aventura, incluso pueden llevar ropa de cambio.<\/p>\n<p><a href=\"http:\/\/www.valledejuarros.com\/turismo-activo.php\" target=\"_blank\" rel=\"noopener\">M\u00e1s informaci\u00f3n\u00a0\u00bb<\/a><\/p>\n","protected":false},"excerpt":{"rendered":"<p>El Valle de Juarros, muy pr\u00f3ximo a la Sierra de la Demanda, cuenta con una diversidad de fauna, flora, bosques y una amplia variedad de iglesias rom\u00e1nicas y construcciones t\u00edpicas de la arquitectura serrana. Cercano a la ciudad y a los Yacimientos de Atapuerca, es un recorrido de obligada asistencia. Aqu\u00ed se desarrolla el programa [&hellip;]<\/p>\n","protected":false},"author":2,"featured_media":0,"parent":0,"menu_order":0,"comment_status":"closed","ping_status":"closed","template":"","meta":{"_et_pb_use_builder":"","_et_pb_old_content":"","_et_gb_content_width":"","footnotes":""},"_links":{"self":[{"href":"https:\/\/www.lacabanademozoncillo.es\/sp\/wp-json\/wp\/v2\/pages\/548"}],"collection":[{"href":"https:\/\/www.lacabanademozoncillo.es\/sp\/wp-json\/wp\/v2\/pages"}],"about":[{"href":"https:\/\/www.lacabanademozoncillo.es\/sp\/wp-json\/wp\/v2\/types\/page"}],"author":[{"embeddable":true,"href":"https:\/\/www.lacabanademozoncillo.es\/sp\/wp-json\/wp\/v2\/users\/2"}],"replies":[{"embeddable":true,"href":"https:\/\/www.lacabanademozoncillo.es\/sp\/wp-json\/wp\/v2\/comments?post=548"}],"version-history":[{"count":3,"href":"https:\/\/www.lacabanademozoncillo.es\/sp\/wp-json\/wp\/v2\/pages\/548\/revisions"}],"predecessor-version":[{"id":967,"href":"https:\/\/www.lacabanademozoncillo.es\/sp\/wp-json\/wp\/v2\/pages\/548\/revisions\/967"}],"wp:attachment":[{"href":"https:\/\/www.lacabanademozoncillo.es\/sp\/wp-json\/wp\/v2\/media?parent=548"}],"curies":[{"name":"wp","href":"https:\/\/api.w.org\/{rel}","templated":true}]}}